{"id":1905,"date":"2020-10-04T19:31:33","date_gmt":"2020-10-04T16:31:33","guid":{"rendered":"https:\/\/protechlinekenya.com\/shop\/?post_type=product&#038;p=1905"},"modified":"2024-05-21T10:58:45","modified_gmt":"2024-05-21T07:58:45","slug":"4-channel-hikvision-dvr","status":"publish","type":"product","link":"https:\/\/protechlinekenya.com\/shop\/product\/4-channel-hikvision-dvr\/","title":{"rendered":"HIK vision 4 channel DVR 1080p"},"content":{"rendered":"<h1>4 channel hikvision dvr<\/h1>\n<p>H.264 ,H.264+&amp; Dual-stream video compression supports HD-TVI, IPC,AHD and analog cameras with adaptive access,the 7208hghi-f1 as Full channel <a href=\"https:\/\/protechlinekenya.com\/shop\/product\/4-channel-hikvision-dvr\">recording<\/a> at up to 1080P lite resolution which gives a clear footage when playing back the recorded video, capable of Long transmission distance over coax cable<\/p>\n<div class=\"markup -pam\">\n<ul>\n<li>HDMI and VGA output at up to 1920\u00d71080P<\/li>\n<li>Long transmission distance over coax cable<\/li>\n<li>H.264 ,H.264+&amp; Dual-stream video compression<\/li>\n<li>Support HD-TVI, IPC,AHD and analog cameras with adaptive access<\/li>\n<li>Support 1080P lite mode enabled to realize the real-time 1080P lite and 720P lite resolution<\/li>\n<\/ul>\n<div class=\"grid\">\n<div class=\"grid-item large--three-fifths\">\n<div class=\"product-description rte\">\n<p><strong>Specifications:<\/strong><\/p>\n<ul class=\"tech-specs-items-description\" data-target=\"Recording\">\n<li class=\"tech-specs-items-description-list\"><span class=\"tech-specs-items-description__title\">Video Compression\u00a0<\/span><span class=\"tech-specs-items-description__title-details\">H.265 Pro+\/H.265 Pro\/H.265\/H.264+\/H.264<\/span><\/li>\n<li class=\"tech-specs-items-description-list\"><span class=\"tech-specs-items-description__title\">Encoding Resolution\u00a0<\/span><span class=\"tech-specs-items-description__title-details\">8 MP\/5 MP\/4 MP\/3 MP\/1080p\/720p\/WD1\/4CIF\/VGA\/CIF<\/span><\/li>\n<li class=\"tech-specs-items-description-list\"><span class=\"tech-specs-items-description__title\">Frame Rate\u00a0<\/span><span class=\"tech-specs-items-description__title-details\">Main stream: ,8 MP@15fps, 5 MP@20fps, 3 MP@18fps,4 MP\/1080p\/720p\/WD1\/4CIF\/VGA\/CIF@25fps (P)\/30fps (N),Sub-stream: ,WD1\/4CIF\/CIF@25fps (P)\/30fps (N),<\/span><\/li>\n<li class=\"tech-specs-items-description-list\"><span class=\"tech-specs-items-description__title\">Video Bit Rate\u00a0<\/span><span class=\"tech-specs-items-description__title-details\">32 Kbps to 10 Mbps<\/span><\/li>\n<li class=\"tech-specs-items-description-list\"><span class=\"tech-specs-items-description__title\">Dual Stream\u00a0<\/span><span class=\"tech-specs-items-description__title-details\">Support<\/span><\/li>\n<li class=\"tech-specs-items-description-list\"><span class=\"tech-specs-items-description__title\">Stream Type\u00a0<\/span><span class=\"tech-specs-items-description__title-details\">Video, Video &amp; Audio<\/span><\/li>\n<li class=\"tech-specs-items-description-list\"><span class=\"tech-specs-items-description__title\">Audio Compression\u00a0<\/span><span class=\"tech-specs-items-description__title-details\">G.711u<\/span><\/li>\n<li class=\"tech-specs-items-description-list\"><span class=\"tech-specs-items-description__title\">Audio Bit Rate\u00a0<\/span><span class=\"tech-specs-items-description__title-details\">64 Kbps<\/span><\/li>\n<\/ul>\n<ul class=\"tech-specs-items-description\" data-target=\"Video and Audio\">\n<li class=\"tech-specs-items-description-list\"><span class=\"tech-specs-items-description__title\">IP Video Input\u00a0<\/span><span class=\"tech-specs-items-description__title-details\">4-ch (up to 8-ch);Up to 8 MP resolution,*: The 8 MP signal input is only available for channel 1 of DS-7204HUHI-K1\/P.,Support H.265+\/H.265\/H.264+\/H.264 IP cameras<\/span><\/li>\n<li class=\"tech-specs-items-description-list\"><span class=\"tech-specs-items-description__title\">Analog Video Input\u00a0<\/span><span class=\"tech-specs-items-description__title-details\">4-ch;BNC interface (1.0 Vp-p, 75 \u03a9), supporting coaxitron connection<\/span><\/li>\n<li class=\"tech-specs-items-description-list\"><span class=\"tech-specs-items-description__title\">AHD Input\u00a0<\/span><span class=\"tech-specs-items-description__title-details\">5 MP, 4 MP, 3 MP, 1080p25, 1080p30, 720p25, 720p30<\/span><\/li>\n<li class=\"tech-specs-items-description-list\"><span class=\"tech-specs-items-description__title\">HDCVI Input\u00a0<\/span><span class=\"tech-specs-items-description__title-details\">4 MP, 1080p25, 1080p30, 720p25, 720p30<\/span><\/li>\n<li class=\"tech-specs-items-description-list\"><span class=\"tech-specs-items-description__title\">CVBS Input\u00a0<\/span><span class=\"tech-specs-items-description__title-details\">PAL\/NTSC<\/span><\/li>\n<li class=\"tech-specs-items-description-list\"><span class=\"tech-specs-items-description__title\">HDMI\/VGA Output\u00a0<\/span><span class=\"tech-specs-items-description__title-details\">VGA: 1-ch, 1920 \u00d7 1080\/60Hz, 1280 \u00d7 1024\/60Hz, 1280 \u00d7 720\/60Hz, 1024 \u00d7 768\/60Hz,HDMI: 1-ch, 4K (3840 \u00d7 2160)\/30Hz, 2K (2560 \u00d7 1440)\/60Hz, 1920 \u00d7 1080\/60Hz, ,1280 \u00d7 1024\/60Hz, 1280 \u00d7 720\/60Hz, 1024 \u00d7 768\/60Hz,<\/span><\/li>\n<li class=\"tech-specs-items-description-list\"><span class=\"tech-specs-items-description__title\">Audio Input\u00a0<\/span><span class=\"tech-specs-items-description__title-details\">4-ch, RCA (2.0 Vp-p, 1 K\u03a9)<\/span><\/li>\n<li class=\"tech-specs-items-description-list\"><span class=\"tech-specs-items-description__title\">Audio Output\u00a0<\/span><span class=\"tech-specs-items-description__title-details\">1-ch, RCA (Linear, 1 K\u03a9)<\/span><\/li>\n<li class=\"tech-specs-items-description-list\"><span class=\"tech-specs-items-description__title\">Two-Way Audio\u00a0<\/span><span class=\"tech-specs-items-description__title-details\">1-ch, RCA (2.0 Vp-p, 1 K\u03a9) (using the first audio input)<\/span><\/li>\n<li class=\"tech-specs-items-description-list\"><span class=\"tech-specs-items-description__title\">Synchronous Playback\u00a0<\/span><span class=\"tech-specs-items-description__title-details\">4-ch<\/span><\/li>\n<li class=\"tech-specs-items-description-list\"><span class=\"tech-specs-items-description__title\">HDTVI Input\u00a0<\/span><span class=\"tech-specs-items-description__title-details\">8 MP, 5 MP, 4 MP, 3 MP, 1080p30, 1080p25, 720p60, 720p50, 720p30, 720p25<\/span><\/li>\n<li class=\"tech-specs-items-description-list\"><span class=\"tech-specs-items-description__title\">CVBS Output\u00a0<\/span><span class=\"tech-specs-items-description__title-details\">1-ch, BNC (1.0 Vp-p, 75 \u03a9),,resolution: PAL: 704 \u00d7 576, NTSC: 704 \u00d7 480,<\/span><\/li>\n<\/ul>\n<ul class=\"tech-specs-items-description\" data-target=\"Network\">\n<li class=\"tech-specs-items-description-list\"><span class=\"tech-specs-items-description__title\">Remote Connections\u00a0<\/span><span class=\"tech-specs-items-description__title-details\">32<\/span><\/li>\n<li class=\"tech-specs-items-description-list\"><span class=\"tech-specs-items-description__title\">Network Protocols\u00a0<\/span><span class=\"tech-specs-items-description__title-details\">TCP\/IP, PPPoE, DHCP, Hik-Connect, DNS, DDNS, NTP, SADP, NFS, iSCSI, UPnP\u2122, HTTPS, ONVIF<\/span><\/li>\n<li class=\"tech-specs-items-description-list\"><span class=\"tech-specs-items-description__title\">Network Interface\u00a0<\/span><span class=\"tech-specs-items-description__title-details\">1, RJ45 10M\/100M\/1000M self-adaptive Ethernet interface<\/span><\/li>\n<\/ul>\n<ul class=\"tech-specs-items-description\" data-target=\"Auxiliary interface\">\n<li class=\"tech-specs-items-description-list\"><span class=\"tech-specs-items-description__title\">SATA\u00a0<\/span><span class=\"tech-specs-items-description__title-details\">1 SATA interface<\/span><\/li>\n<li class=\"tech-specs-items-description-list\"><span class=\"tech-specs-items-description__title\">Capacity\u00a0<\/span><span class=\"tech-specs-items-description__title-details\">Up to 10 TB capacity for each disk<\/span><\/li>\n<li class=\"tech-specs-items-description-list\"><span class=\"tech-specs-items-description__title\">Alarm In\/Out\u00a0<\/span><span class=\"tech-specs-items-description__title-details\">4\/1<\/span><\/li>\n<li class=\"tech-specs-items-description-list\"><span class=\"tech-specs-items-description__title\">USB Interface\u00a0<\/span><span class=\"tech-specs-items-description__title-details\">Front panel: 1 \u00d7 USB 2.0,Rear panel: 1 \u00d7 USB 3.0,<\/span><\/li>\n<li class=\"tech-specs-items-description-list\"><span class=\"tech-specs-items-description__title\">Serial Interface\u00a0<\/span><span class=\"tech-specs-items-description__title-details\">RS-485 (half-duplex)<\/span><\/li>\n<\/ul>\n<ul class=\"tech-specs-items-description\" data-target=\"General\">\n<li class=\"tech-specs-items-description-list\"><span class=\"tech-specs-items-description__title\">4 channel hikvision dvr Power Supply <\/span><span class=\"tech-specs-items-description__title-details\">12 VDC<\/span><\/li>\n<li class=\"tech-specs-items-description-list\"><span class=\"tech-specs-items-description__title\">Working Temperature\u00a0<\/span><span class=\"tech-specs-items-description__title-details\">-10 \u00b0C to +55 \u00b0C (+14 \u00b0F to +131 \u00b0F)<\/span><\/li>\n<li class=\"tech-specs-items-description-list\"><span class=\"tech-specs-items-description__title\">Working Humidity\u00a0<\/span><span class=\"tech-specs-items-description__title-details\">10% to 90%<\/span><\/li>\n<li class=\"tech-specs-items-description-list\"><span class=\"tech-specs-items-description__title\">Dimensions (W \u00d7 D \u00d7 H )<\/span><span class=\"tech-specs-items-description__title-details\">315 \u00d7 242 \u00d7 45 mm (12.4 \u00d7 9.5 \u00d7 1.8 inch)<\/span><\/li>\n<li class=\"tech-specs-items-description-list\"><span class=\"tech-specs-items-description__title\">Weights (Without HDD)\u00a0<\/span><span class=\"tech-specs-items-description__title-details\">\u2264 1.5 kg (3.3 lb)<\/span><\/li>\n<li class=\"tech-specs-items-description-list\"><span class=\"tech-specs-items-description__title\">Consumption(Without HDD)\u00a0<\/span><span class=\"tech-specs-items-description__title-details\">\u2264 15 W<\/span><\/li>\n<\/ul>\n<\/div>\n<\/div>\n<\/div>\n<h2 class=\"h1\"><\/h2>\n<\/div>\n","protected":false},"excerpt":{"rendered":"<p>4 channel hikvision dvr H.264 ,H.264+&amp; Dual-stream video compression supports HD-TVI, IPC,AHD and analog cameras with adaptive access,the 7208hghi-f1 as Full channel recording at up to 1080P lite resolution which gives a clear footage when playing back the recorded video, capable of Long transmission distance over coax cable HDMI and VGA output at up to [&hellip;]<\/p>\n","protected":false},"featured_media":1906,"template":"","meta":[],"product_brand":[],"product_cat":[90],"product_tag":[],"class_list":{"0":"post-1905","1":"product","2":"type-product","3":"status-publish","4":"has-post-thumbnail","6":"product_cat-cctv-cameras","8":"first","9":"instock","10":"shipping-taxable","11":"purchasable","12":"product-type-simple"},"yoast_head":"<!-- This site is optimized with the Yoast SEO plugin v27.5 - https:\/\/yoast.com\/product\/yoast-seo-wordpress\/ -->\n<title>4 channel hikvision dvr | hikvision 4 channel DVR | Protech Line<\/title>\n<meta name=\"description\" content=\"This Hikvision Turbo HD 4 Channel 8MP DVR is perfect for recording up to 4 analogue cameras and up to 8 IP cameras. Main Features: 4 channels and 1 HDD\" \/>\n<meta name=\"robots\" content=\"index, follow, max-snippet:-1, max-image-preview:large, max-video-preview:-1\" \/>\n<link rel=\"canonical\" href=\"https:\/\/protechlinekenya.com\/shop\/product\/4-channel-hikvision-dvr\/\" \/>\n<meta property=\"og:locale\" content=\"en_US\" \/>\n<meta property=\"og:type\" content=\"article\" \/>\n<meta property=\"og:title\" content=\"4 channel hikvision dvr | hikvision 4 channel DVR | Protech Line\" \/>\n<meta property=\"og:description\" content=\"This Hikvision Turbo HD 4 Channel 8MP DVR is perfect for recording up to 4 analogue cameras and up to 8 IP cameras. Main Features: 4 channels and 1 HDD\" \/>\n<meta property=\"og:url\" content=\"https:\/\/protechlinekenya.com\/shop\/product\/4-channel-hikvision-dvr\/\" \/>\n<meta property=\"og:site_name\" content=\"Protech Line\" \/>\n<meta property=\"article:publisher\" content=\"https:\/\/www.facebook.com\/protechline\" \/>\n<meta property=\"article:modified_time\" content=\"2024-05-21T07:58:45+00:00\" \/>\n<meta property=\"og:image\" content=\"https:\/\/protechlinekenya.com\/shop\/wp-content\/uploads\/2020\/10\/hik-4-channelk.jpg\" \/>\n\t<meta property=\"og:image:width\" content=\"1000\" \/>\n\t<meta property=\"og:image:height\" content=\"1000\" \/>\n\t<meta property=\"og:image:type\" content=\"image\/jpeg\" \/>\n<meta name=\"twitter:card\" content=\"summary_large_image\" \/>\n<meta name=\"twitter:site\" content=\"@protechline\" \/>\n<meta name=\"twitter:label1\" content=\"Est. reading time\" \/>\n\t<meta name=\"twitter:data1\" content=\"2 minutes\" \/>\n<script type=\"application\/ld+json\" class=\"yoast-schema-graph\">{\"@context\":\"https:\\\/\\\/schema.org\",\"@graph\":[{\"@type\":\"WebPage\",\"@id\":\"https:\\\/\\\/protechlinekenya.com\\\/shop\\\/product\\\/4-channel-hikvision-dvr\\\/\",\"url\":\"https:\\\/\\\/protechlinekenya.com\\\/shop\\\/product\\\/4-channel-hikvision-dvr\\\/\",\"name\":\"4 channel hikvision dvr | hikvision 4 channel DVR | Protech Line\",\"isPartOf\":{\"@id\":\"https:\\\/\\\/protechlinekenya.com\\\/shop\\\/#website\"},\"primaryImageOfPage\":{\"@id\":\"https:\\\/\\\/protechlinekenya.com\\\/shop\\\/product\\\/4-channel-hikvision-dvr\\\/#primaryimage\"},\"image\":{\"@id\":\"https:\\\/\\\/protechlinekenya.com\\\/shop\\\/product\\\/4-channel-hikvision-dvr\\\/#primaryimage\"},\"thumbnailUrl\":\"https:\\\/\\\/protechlinekenya.com\\\/shop\\\/wp-content\\\/uploads\\\/2020\\\/10\\\/hik-4-channelk.jpg\",\"datePublished\":\"2020-10-04T16:31:33+00:00\",\"dateModified\":\"2024-05-21T07:58:45+00:00\",\"description\":\"This Hikvision Turbo HD 4 Channel 8MP DVR is perfect for recording up to 4 analogue cameras and up to 8 IP cameras. Main Features: 4 channels and 1 HDD\",\"breadcrumb\":{\"@id\":\"https:\\\/\\\/protechlinekenya.com\\\/shop\\\/product\\\/4-channel-hikvision-dvr\\\/#breadcrumb\"},\"inLanguage\":\"en-US\",\"potentialAction\":[{\"@type\":\"ReadAction\",\"target\":[\"https:\\\/\\\/protechlinekenya.com\\\/shop\\\/product\\\/4-channel-hikvision-dvr\\\/\"]}]},{\"@type\":\"ImageObject\",\"inLanguage\":\"en-US\",\"@id\":\"https:\\\/\\\/protechlinekenya.com\\\/shop\\\/product\\\/4-channel-hikvision-dvr\\\/#primaryimage\",\"url\":\"https:\\\/\\\/protechlinekenya.com\\\/shop\\\/wp-content\\\/uploads\\\/2020\\\/10\\\/hik-4-channelk.jpg\",\"contentUrl\":\"https:\\\/\\\/protechlinekenya.com\\\/shop\\\/wp-content\\\/uploads\\\/2020\\\/10\\\/hik-4-channelk.jpg\",\"width\":1000,\"height\":1000,\"caption\":\"Hikvision 4 channel DVR 1080p\"},{\"@type\":\"BreadcrumbList\",\"@id\":\"https:\\\/\\\/protechlinekenya.com\\\/shop\\\/product\\\/4-channel-hikvision-dvr\\\/#breadcrumb\",\"itemListElement\":[{\"@type\":\"ListItem\",\"position\":1,\"name\":\"Home\",\"item\":\"https:\\\/\\\/protechlinekenya.com\\\/shop\\\/\"},{\"@type\":\"ListItem\",\"position\":2,\"name\":\"Shop\",\"item\":\"https:\\\/\\\/protechlinekenya.com\\\/shop\\\/security-system-online-shop-in-kenya\\\/\"},{\"@type\":\"ListItem\",\"position\":3,\"name\":\"HIK vision 4 channel DVR 1080p\"}]},{\"@type\":\"WebSite\",\"@id\":\"https:\\\/\\\/protechlinekenya.com\\\/shop\\\/#website\",\"url\":\"https:\\\/\\\/protechlinekenya.com\\\/shop\\\/\",\"name\":\"Protech Line\",\"description\":\"Kenya&#039;s No.1 security systems Trusted online shop\",\"publisher\":{\"@id\":\"https:\\\/\\\/protechlinekenya.com\\\/shop\\\/#organization\"},\"potentialAction\":[{\"@type\":\"SearchAction\",\"target\":{\"@type\":\"EntryPoint\",\"urlTemplate\":\"https:\\\/\\\/protechlinekenya.com\\\/shop\\\/?s={search_term_string}\"},\"query-input\":{\"@type\":\"PropertyValueSpecification\",\"valueRequired\":true,\"valueName\":\"search_term_string\"}}],\"inLanguage\":\"en-US\"},{\"@type\":\"Organization\",\"@id\":\"https:\\\/\\\/protechlinekenya.com\\\/shop\\\/#organization\",\"name\":\"PROTECH LINE\",\"url\":\"https:\\\/\\\/protechlinekenya.com\\\/shop\\\/\",\"logo\":{\"@type\":\"ImageObject\",\"inLanguage\":\"en-US\",\"@id\":\"https:\\\/\\\/protechlinekenya.com\\\/shop\\\/#\\\/schema\\\/logo\\\/image\\\/\",\"url\":\"https:\\\/\\\/protechlinekenya.com\\\/shop\\\/wp-content\\\/uploads\\\/2020\\\/10\\\/logo.jpg\",\"contentUrl\":\"https:\\\/\\\/protechlinekenya.com\\\/shop\\\/wp-content\\\/uploads\\\/2020\\\/10\\\/logo.jpg\",\"width\":96,\"height\":96,\"caption\":\"PROTECH LINE\"},\"image\":{\"@id\":\"https:\\\/\\\/protechlinekenya.com\\\/shop\\\/#\\\/schema\\\/logo\\\/image\\\/\"},\"sameAs\":[\"https:\\\/\\\/www.facebook.com\\\/protechline\",\"https:\\\/\\\/x.com\\\/protechline\",\"https:\\\/\\\/www.instagram.com\\\/protechlinekenya\",\"https:\\\/\\\/ke.linkedin.com\\\/in\\\/protech-line\"]}]}<\/script>\n<!-- \/ Yoast SEO plugin. -->","yoast_head_json":{"title":"4 channel hikvision dvr | hikvision 4 channel DVR | Protech Line","description":"This Hikvision Turbo HD 4 Channel 8MP DVR is perfect for recording up to 4 analogue cameras and up to 8 IP cameras. Main Features: 4 channels and 1 HDD","robots":{"index":"index","follow":"follow","max-snippet":"max-snippet:-1","max-image-preview":"max-image-preview:large","max-video-preview":"max-video-preview:-1"},"canonical":"https:\/\/protechlinekenya.com\/shop\/product\/4-channel-hikvision-dvr\/","og_locale":"en_US","og_type":"article","og_title":"4 channel hikvision dvr | hikvision 4 channel DVR | Protech Line","og_description":"This Hikvision Turbo HD 4 Channel 8MP DVR is perfect for recording up to 4 analogue cameras and up to 8 IP cameras. Main Features: 4 channels and 1 HDD","og_url":"https:\/\/protechlinekenya.com\/shop\/product\/4-channel-hikvision-dvr\/","og_site_name":"Protech Line","article_publisher":"https:\/\/www.facebook.com\/protechline","article_modified_time":"2024-05-21T07:58:45+00:00","og_image":[{"width":1000,"height":1000,"url":"https:\/\/protechlinekenya.com\/shop\/wp-content\/uploads\/2020\/10\/hik-4-channelk.jpg","type":"image\/jpeg"}],"twitter_card":"summary_large_image","twitter_site":"@protechline","twitter_misc":{"Est. reading time":"2 minutes"},"schema":{"@context":"https:\/\/schema.org","@graph":[{"@type":"WebPage","@id":"https:\/\/protechlinekenya.com\/shop\/product\/4-channel-hikvision-dvr\/","url":"https:\/\/protechlinekenya.com\/shop\/product\/4-channel-hikvision-dvr\/","name":"4 channel hikvision dvr | hikvision 4 channel DVR | Protech Line","isPartOf":{"@id":"https:\/\/protechlinekenya.com\/shop\/#website"},"primaryImageOfPage":{"@id":"https:\/\/protechlinekenya.com\/shop\/product\/4-channel-hikvision-dvr\/#primaryimage"},"image":{"@id":"https:\/\/protechlinekenya.com\/shop\/product\/4-channel-hikvision-dvr\/#primaryimage"},"thumbnailUrl":"https:\/\/protechlinekenya.com\/shop\/wp-content\/uploads\/2020\/10\/hik-4-channelk.jpg","datePublished":"2020-10-04T16:31:33+00:00","dateModified":"2024-05-21T07:58:45+00:00","description":"This Hikvision Turbo HD 4 Channel 8MP DVR is perfect for recording up to 4 analogue cameras and up to 8 IP cameras. Main Features: 4 channels and 1 HDD","breadcrumb":{"@id":"https:\/\/protechlinekenya.com\/shop\/product\/4-channel-hikvision-dvr\/#breadcrumb"},"inLanguage":"en-US","potentialAction":[{"@type":"ReadAction","target":["https:\/\/protechlinekenya.com\/shop\/product\/4-channel-hikvision-dvr\/"]}]},{"@type":"ImageObject","inLanguage":"en-US","@id":"https:\/\/protechlinekenya.com\/shop\/product\/4-channel-hikvision-dvr\/#primaryimage","url":"https:\/\/protechlinekenya.com\/shop\/wp-content\/uploads\/2020\/10\/hik-4-channelk.jpg","contentUrl":"https:\/\/protechlinekenya.com\/shop\/wp-content\/uploads\/2020\/10\/hik-4-channelk.jpg","width":1000,"height":1000,"caption":"Hikvision 4 channel DVR 1080p"},{"@type":"BreadcrumbList","@id":"https:\/\/protechlinekenya.com\/shop\/product\/4-channel-hikvision-dvr\/#breadcrumb","itemListElement":[{"@type":"ListItem","position":1,"name":"Home","item":"https:\/\/protechlinekenya.com\/shop\/"},{"@type":"ListItem","position":2,"name":"Shop","item":"https:\/\/protechlinekenya.com\/shop\/security-system-online-shop-in-kenya\/"},{"@type":"ListItem","position":3,"name":"HIK vision 4 channel DVR 1080p"}]},{"@type":"WebSite","@id":"https:\/\/protechlinekenya.com\/shop\/#website","url":"https:\/\/protechlinekenya.com\/shop\/","name":"Protech Line","description":"Kenya&#039;s No.1 security systems Trusted online shop","publisher":{"@id":"https:\/\/protechlinekenya.com\/shop\/#organization"},"potentialAction":[{"@type":"SearchAction","target":{"@type":"EntryPoint","urlTemplate":"https:\/\/protechlinekenya.com\/shop\/?s={search_term_string}"},"query-input":{"@type":"PropertyValueSpecification","valueRequired":true,"valueName":"search_term_string"}}],"inLanguage":"en-US"},{"@type":"Organization","@id":"https:\/\/protechlinekenya.com\/shop\/#organization","name":"PROTECH LINE","url":"https:\/\/protechlinekenya.com\/shop\/","logo":{"@type":"ImageObject","inLanguage":"en-US","@id":"https:\/\/protechlinekenya.com\/shop\/#\/schema\/logo\/image\/","url":"https:\/\/protechlinekenya.com\/shop\/wp-content\/uploads\/2020\/10\/logo.jpg","contentUrl":"https:\/\/protechlinekenya.com\/shop\/wp-content\/uploads\/2020\/10\/logo.jpg","width":96,"height":96,"caption":"PROTECH LINE"},"image":{"@id":"https:\/\/protechlinekenya.com\/shop\/#\/schema\/logo\/image\/"},"sameAs":["https:\/\/www.facebook.com\/protechline","https:\/\/x.com\/protechline","https:\/\/www.instagram.com\/protechlinekenya","https:\/\/ke.linkedin.com\/in\/protech-line"]}]}},"_links":{"self":[{"href":"https:\/\/protechlinekenya.com\/shop\/wp-json\/wp\/v2\/product\/1905","targetHints":{"allow":["GET"]}}],"collection":[{"href":"https:\/\/protechlinekenya.com\/shop\/wp-json\/wp\/v2\/product"}],"about":[{"href":"https:\/\/protechlinekenya.com\/shop\/wp-json\/wp\/v2\/types\/product"}],"wp:featuredmedia":[{"embeddable":true,"href":"https:\/\/protechlinekenya.com\/shop\/wp-json\/wp\/v2\/media\/1906"}],"wp:attachment":[{"href":"https:\/\/protechlinekenya.com\/shop\/wp-json\/wp\/v2\/media?parent=1905"}],"wp:term":[{"taxonomy":"product_brand","embeddable":true,"href":"https:\/\/protechlinekenya.com\/shop\/wp-json\/wp\/v2\/product_brand?post=1905"},{"taxonomy":"product_cat","embeddable":true,"href":"https:\/\/protechlinekenya.com\/shop\/wp-json\/wp\/v2\/product_cat?post=1905"},{"taxonomy":"product_tag","embeddable":true,"href":"https:\/\/protechlinekenya.com\/shop\/wp-json\/wp\/v2\/product_tag?post=1905"}],"curies":[{"name":"wp","href":"https:\/\/api.w.org\/{rel}","templated":true}]}}